{"id":85,"date":"2016-11-01T19:59:57","date_gmt":"2016-11-01T19:59:57","guid":{"rendered":"http:\/\/tehnocat.ro\/?page_id=85"},"modified":"2016-11-01T20:03:32","modified_gmt":"2016-11-01T20:03:32","slug":"transmisii-si-convertizoare","status":"publish","type":"page","link":"https:\/\/tehnocat.ro\/index.php\/service\/transmisii-si-convertizoare\/","title":{"rendered":"Transmisii \u0219i Convertizoare"},"content":{"rendered":"<p>Instala\u021bii speciale? \u2013 solu\u021bii la cheie!<\/p>\n<p>Import\u0103m \u0219i comercializ\u0103m sisteme complete de putere \u2013 motor\/transmisie, motor\/convertizor, pentru aplica\u021bii oil&amp;gas \u2013 noi sau reutilizabile.<\/p>\n<p>Dac\u0103 ave\u021bi nevoie de un simplu motor industrial sau un produs gata de montat pe instala\u021bie, apela\u021bi cu \u00eencredere la echipa Tehnocat.<\/p>\n<p>Oferim service complet pentru motoare \u0219i transmisii\/ convertizore \u2013 mentenan\u021b\u0103 preventiv\u0103 \u0219i repara\u021bii accidentale.<\/p>\n<p>Din stoc sau la comand\u0103 v\u0103 livr\u0103m toat\u0103 gama de piese \u0219i consumabile pentru motoarele \u0219i transmisiile\/convertizoarele acestora.<\/p>\n","protected":false},"excerpt":{"rendered":"<p>Instala\u021bii speciale? \u2013 solu\u021bii la cheie! Import\u0103m \u0219i comercializ\u0103m sisteme complete de putere \u2013 motor\/transmisie, motor\/convertizor, pentru aplica\u021bii oil&amp;gas \u2013 noi sau reutilizabile. Dac\u0103 ave\u021bi nevoie de un simplu motor industrial sau un produs gata de montat pe instala\u021bie, apela\u021bi &hellip; <a href=\"https:\/\/tehnocat.ro\/index.php\/service\/transmisii-si-convertizoare\/\">Continued<\/a><\/p>\n","protected":false},"author":6,"featured_media":0,"parent":4,"menu_order":0,"comment_status":"closed","ping_status":"closed","template":"page-feature-sidebar.php","meta":[],"_links":{"self":[{"href":"https:\/\/tehnocat.ro\/index.php\/wp-json\/wp\/v2\/pages\/85"}],"collection":[{"href":"https:\/\/tehnocat.ro\/index.php\/wp-json\/wp\/v2\/pages"}],"about":[{"href":"https:\/\/tehnocat.ro\/index.php\/wp-json\/wp\/v2\/types\/page"}],"author":[{"embeddable":true,"href":"https:\/\/tehnocat.ro\/index.php\/wp-json\/wp\/v2\/users\/6"}],"replies":[{"embeddable":true,"href":"https:\/\/tehnocat.ro\/index.php\/wp-json\/wp\/v2\/comments?post=85"}],"version-history":[{"count":4,"href":"https:\/\/tehnocat.ro\/index.php\/wp-json\/wp\/v2\/pages\/85\/revisions"}],"predecessor-version":[{"id":90,"href":"https:\/\/tehnocat.ro\/index.php\/wp-json\/wp\/v2\/pages\/85\/revisions\/90"}],"up":[{"embeddable":true,"href":"https:\/\/tehnocat.ro\/index.php\/wp-json\/wp\/v2\/pages\/4"}],"wp:attachment":[{"href":"https:\/\/tehnocat.ro\/index.php\/wp-json\/wp\/v2\/media?parent=85"}],"curies":[{"name":"wp","href":"https:\/\/api.w.org\/{rel}","templated":true}]}}