{"id":6,"date":"2016-09-27T19:08:24","date_gmt":"2016-09-27T19:08:24","guid":{"rendered":"http:\/\/tehnocat.ro\/?page_id=6"},"modified":"2016-11-05T16:34:47","modified_gmt":"2016-11-05T16:34:47","slug":"utilaje-de-constructie","status":"publish","type":"page","link":"https:\/\/tehnocat.ro\/index.php\/service\/utilaje-de-constructie\/","title":{"rendered":"Utilaje de Construc\u021bie"},"content":{"rendered":"<p>\u00cen\u021belegem ce \u00eenseamn\u0103 s\u0103 ai echipamentul defect iar produc\u021bia s\u0103 fie afectat\u0103\/blocat\u0103, din acest motiv prioritiz\u0103m interven\u021biile \u00een regim de urgen\u021b\u0103 \u00een func\u021bie de natura solicit\u0103rii fiec\u0103rui client. Atelierele noastre mobile sunt dotate cu scule, dispozitive de ultim\u0103 genera\u021bie \u0219i suport informatic, av\u00e2nd capacitatea tehnic\u0103 \u00een cadrul unei interven\u021bii de a efectua diagnoz\u0103 electronic\u0103 \u0219i m\u0103sur\u0103tori complexe la utilajele clien\u021bilor, diagnoz\u0103 rapid\u0103 la sistemul de alimentare combustibil, sistemul de injec\u021bie, sistemul hidraulic, comenzi \u0219i rulare etc.<\/p>\n<p>\u00cen cadrul interven\u021biilor, \u00een func\u021bie de op\u021biunile clientului, v\u0103 punem la dispozi\u021bie din stoc sau la comand\u0103 piese OE, OEM sau AM.<\/p>\n<p>V\u0103 recomand\u0103m semnarea unui contract de mentenan\u021b\u0103 pentru siguran\u021ba \u00een func\u021bionarea utilajului. Efectuarea unei mentenan\u021be preventive poate preveni defec\u021biuni majore \u0219i costisitoare c\u00e2t \u0219i reducerea timpului de sta\u021bionare a echipamentului.<\/p>\n<p>&nbsp;<\/p>\n<div>    <\/div><style type=\"text\/css\" scoped>.rbs_gallery_69e02a24136a2Spinner{\r\n\t\t\t\tmargin: 50px auto;\r\n\t\t\t\twidth: 50px;\r\n\t\t\t\theight: 40px;\r\n\t\t\t\ttext-align: center;\r\n\t\t\t\tfont-size: 10px;\r\n\t\t\t}\r\n\t\t\t.rbs_gallery_69e02a24136a2Spinner > div{\r\n\t\t\t  background-color: #333;\r\n\t\t\t  height: 100%;\r\n\t\t\t  width: 6px;\r\n\t\t\t  display: inline-block;\r\n\t\t\t  -webkit-animation: rbs_gallery_69e02a24136a2-stretchdelay 1.2s infinite ease-in-out;\r\n\t\t\t  animation: rbs_gallery_69e02a24136a2-stretchdelay 1.2s infinite ease-in-out;\r\n\t\t\t}\r\n\t\t\t.rbs_gallery_69e02a24136a2Spinner .rbs_gallery_69e02a24136a2Rect2 {\r\n\t\t\t  -webkit-animation-delay: -1.1s;\r\n\t\t\t  animation-delay: -1.1s;\r\n\t\t\t}\r\n\t\t\t.rbs_gallery_69e02a24136a2Spinner .rbs_gallery_69e02a24136a2Rect3 {\r\n\t\t\t  -webkit-animation-delay: -1.0s;\r\n\t\t\t  animation-delay: -1.0s;\r\n\t\t\t}\r\n\t\t\t.rbs_gallery_69e02a24136a2Spinner .rbs_gallery_69e02a24136a2Rect4 {\r\n\t\t\t  -webkit-animation-delay: -0.9s;\r\n\t\t\t  animation-delay: -0.9s;\r\n\t\t\t}\r\n\t\t\t.rbs_gallery_69e02a24136a2Spinner .rbs_gallery_69e02a24136a2Rect5 {\r\n\t\t\t  -webkit-animation-delay: -0.8s;\r\n\t\t\t  animation-delay: -0.8s;\r\n\t\t\t}\r\n\t\t\t@-webkit-keyframes rbs_gallery_69e02a24136a2-stretchdelay {\r\n\t\t\t  0%, 40%, 100% { -webkit-transform: scaleY(0.4) }  \r\n\t\t\t  20% { -webkit-transform: scaleY(1.0) }\r\n\t\t\t}\r\n\t\t\t@keyframes rbs_gallery_69e02a24136a2-stretchdelay {\r\n\t\t\t  0%, 40%, 100% { \r\n\t\t\t    transform: scaleY(0.4);\r\n\t\t\t    -webkit-transform: scaleY(0.4);\r\n\t\t\t  }  20% { \r\n\t\t\t    transform: scaleY(1.0);\r\n\t\t\t    -webkit-transform: scaleY(1.0);\r\n\t\t\t  }\r\n\t\t\t}\r\n\t\t<\/style><div class=\"robo-gallery-wrap robo-gallery-wrap-id115 robo-gallery-\" ><div id=\"rbs_gallery_69e02a24136a2-block-loader\" class=\"rbs_gallery_69e02a24136a2Spinner\"><div class=\"rbs_gallery_69e02a24136a2Rect1\"><\/div> <div class=\"rbs_gallery_69e02a24136a2Rect2\"><\/div> <div class=\"rbs_gallery_69e02a24136a2Rect3\"><\/div> <div class=\"rbs_gallery_69e02a24136a2Rect4\"><\/div> <div class=\"rbs_gallery_69e02a24136a2Rect5\"><\/div><\/div><div class=\"rbs_gallery_button  rbs_gallery_align_left\" id=\"rbs_gallery_69e02a24136a2filter\" style=\" display: none;\" ><\/div><div id=\"robo_gallery_main_block_rbs_gallery_69e02a24136a2\" class=\"robogallery-gallery-115\" style=\"width:100%;  display: none;\"><div id=\"rbs_gallery_69e02a24136a2\" data-options=\"rbs_gallery_69e02a24136a2\" style=\"width:100%;\" class=\"robo_gallery  \"><div class=\"rbs-img  category115 \" ><div class=\"rbs-img-image   rbs-lightbox \" ><div class=\"rbs-img-thumbs\"  data-thumbnail=\"https:\/\/tehnocat.ro\/wp-content\/uploads\/2016\/11\/tehnocat-utilaje-const-2-300x200.jpg\"  title=\"tehnocat-utilaje-const-2\"  data-width=\"300\"  data-height=\"200\" ><\/div><div class=\"rbs-img-data-popup\"  data-popup=\"https:\/\/tehnocat.ro\/wp-content\/uploads\/2016\/11\/tehnocat-utilaje-const-2.jpg\"  title=\"tehnocat-utilaje-const-2\" ><\/div><div class=\"thumbnail-overlay\"><div class=\"rbsIcons\"><i class=\"fa fa-search-plus rbsZoomIcon \" ><\/i><\/div><\/div><\/div><\/div><div class=\"rbs-img  category115 \" ><div class=\"rbs-img-image   rbs-lightbox \" ><div class=\"rbs-img-thumbs\"  data-thumbnail=\"https:\/\/tehnocat.ro\/wp-content\/uploads\/2016\/11\/tehnocat-utilaje-const-3-300x200.jpg\"  title=\"tehnocat-utilaje-const-3\"  data-width=\"300\"  data-height=\"200\" ><\/div><div class=\"rbs-img-data-popup\"  data-popup=\"https:\/\/tehnocat.ro\/wp-content\/uploads\/2016\/11\/tehnocat-utilaje-const-3.jpg\"  title=\"tehnocat-utilaje-const-3\" ><\/div><div class=\"thumbnail-overlay\"><div class=\"rbsIcons\"><i class=\"fa fa-search-plus rbsZoomIcon \" ><\/i><\/div><\/div><\/div><\/div><div class=\"rbs-img  category115 \" ><div class=\"rbs-img-image   rbs-lightbox \" ><div class=\"rbs-img-thumbs\"  data-thumbnail=\"https:\/\/tehnocat.ro\/wp-content\/uploads\/2016\/11\/tehnocat-utilaje-const-4-300x200.jpg\"  title=\"tehnocat-utilaje-const-4\"  data-width=\"300\"  data-height=\"200\" ><\/div><div class=\"rbs-img-data-popup\"  data-popup=\"https:\/\/tehnocat.ro\/wp-content\/uploads\/2016\/11\/tehnocat-utilaje-const-4.jpg\"  title=\"tehnocat-utilaje-const-4\" ><\/div><div class=\"thumbnail-overlay\"><div class=\"rbsIcons\"><i class=\"fa fa-search-plus rbsZoomIcon \" ><\/i><\/div><\/div><\/div><\/div><div class=\"rbs-img  category115 \" ><div class=\"rbs-img-image   rbs-lightbox \" ><div class=\"rbs-img-thumbs\"  data-thumbnail=\"https:\/\/tehnocat.ro\/wp-content\/uploads\/2016\/11\/tehnocat-utilaje-const-6-300x200.jpg\"  title=\"tehnocat-utilaje-const-6\"  data-width=\"300\"  data-height=\"200\" ><\/div><div class=\"rbs-img-data-popup\"  data-popup=\"https:\/\/tehnocat.ro\/wp-content\/uploads\/2016\/11\/tehnocat-utilaje-const-6.jpg\"  title=\"tehnocat-utilaje-const-6\" ><\/div><div class=\"thumbnail-overlay\"><div class=\"rbsIcons\"><i class=\"fa fa-search-plus rbsZoomIcon \" ><\/i><\/div><\/div><\/div><\/div><\/div><\/div><\/div><script>var rbs_gallery_69e02a24136a2 = {\"version\":\"3.1.5\",\"id\":115,\"class\":\"id115\",\"roboGalleryDelay\":1000,\"mainContainer\":\"#robo_gallery_main_block_rbs_gallery_69e02a24136a2\",\"loadingContainer\":\"#rbs_gallery_69e02a24136a2-block-loader\",\"loadingContainerObj\":\"rbs_gallery_69e02a24136a2-block-loader\",\"columnWidth\":\"auto\",\"columns\":3,\"resolutions\":[{\"columnWidth\":\"auto\",\"columns\":3,\"maxWidth\":960},{\"columnWidth\":\"auto\",\"columns\":2,\"maxWidth\":650},{\"columnWidth\":\"auto\",\"columns\":1,\"maxWidth\":450}],\"lightboxOptions\":{\"gallery\":{\"enabled\":true,\"tCounter\":\"%curr% of %total%\"}},\"overlayEffect\":\"direction-aware-fade\",\"boxesToLoadStart\":12,\"boxesToLoad\":8,\"waitUntilThumbLoads\":1,\"LoadingWord\":\"Loading...\",\"loadMoreWord\":\"Load More\",\"noMoreEntriesWord\":\"No More Entries\",\"horizontalSpaceBetweenBoxes\":15,\"verticalSpaceBetweenBoxes\":15,\"lazyLoad\":1,\"wrapContainer\":\"#robo-gallery-wrap-rbs_gallery_69e02a24136a2\",\"filterContainer\":\"#rbs_gallery_69e02a24136a2filter\",\"loadMoreClass\":\"button-border-caution \"};<\/script><div>    <\/div>\n","protected":false},"excerpt":{"rendered":"<p>\u00cen\u021belegem ce \u00eenseamn\u0103 s\u0103 ai echipamentul defect iar produc\u021bia s\u0103 fie afectat\u0103\/blocat\u0103, din acest motiv prioritiz\u0103m interven\u021biile \u00een regim de urgen\u021b\u0103 \u00een func\u021bie de natura solicit\u0103rii fiec\u0103rui client. Atelierele noastre mobile sunt dotate cu scule, dispozitive de ultim\u0103 genera\u021bie \u0219i &hellip; <a href=\"https:\/\/tehnocat.ro\/index.php\/service\/utilaje-de-constructie\/\">Continued<\/a><\/p>\n","protected":false},"author":6,"featured_media":0,"parent":4,"menu_order":0,"comment_status":"closed","ping_status":"closed","template":"","meta":[],"_links":{"self":[{"href":"https:\/\/tehnocat.ro\/index.php\/wp-json\/wp\/v2\/pages\/6"}],"collection":[{"href":"https:\/\/tehnocat.ro\/index.php\/wp-json\/wp\/v2\/pages"}],"about":[{"href":"https:\/\/tehnocat.ro\/index.php\/wp-json\/wp\/v2\/types\/page"}],"author":[{"embeddable":true,"href":"https:\/\/tehnocat.ro\/index.php\/wp-json\/wp\/v2\/users\/6"}],"replies":[{"embeddable":true,"href":"https:\/\/tehnocat.ro\/index.php\/wp-json\/wp\/v2\/comments?post=6"}],"version-history":[{"count":4,"href":"https:\/\/tehnocat.ro\/index.php\/wp-json\/wp\/v2\/pages\/6\/revisions"}],"predecessor-version":[{"id":168,"href":"https:\/\/tehnocat.ro\/index.php\/wp-json\/wp\/v2\/pages\/6\/revisions\/168"}],"up":[{"embeddable":true,"href":"https:\/\/tehnocat.ro\/index.php\/wp-json\/wp\/v2\/pages\/4"}],"wp:attachment":[{"href":"https:\/\/tehnocat.ro\/index.php\/wp-json\/wp\/v2\/media?parent=6"}],"curies":[{"name":"wp","href":"https:\/\/api.w.org\/{rel}","templated":true}]}}