{"id":4,"date":"2016-09-27T19:07:58","date_gmt":"2016-09-27T19:07:58","guid":{"rendered":"http:\/\/tehnocat.ro\/?page_id=4"},"modified":"2016-11-04T17:42:43","modified_gmt":"2016-11-04T17:42:43","slug":"service","status":"publish","type":"page","link":"https:\/\/tehnocat.ro\/index.php\/service\/","title":{"rendered":"Service"},"content":{"rendered":"<p>V\u0103 invit\u0103m s\u0103 alege\u021bi tipul de service pe care \u00eel c\u0103uta\u021bi:<\/p>\n<ul>\n<li><a style=\"color:#000;\" href=\"http:\/\/tehnocat.ro\/index.php\/service\/motoare-industriale\/\" target=\"_blank\">Motoare Industriale<\/a><\/li>\n<li><a style=\"color:#000;\" href=\"http:\/\/tehnocat.ro\/index.php\/service\/utilaje-de-constructie\/\" target=\"_blank\">Utilaje de Construc\u021bie<\/a><\/li>\n<li><a style=\"color:#000;\" href=\"http:\/\/tehnocat.ro\/index.php\/service\/grupuri-electrogene\/\" target=\"_blank\">Grupuri Electrogene<\/a><\/li>\n<li><a style=\"color:#000;\" href=\"http:\/\/tehnocat.ro\/index.php\/service\/transmisii-si-convertizoare\/\" target=\"_blank\">Transmisii \u0219i Convertizoare<\/a><\/li>\n<\/ul>\n","protected":false},"excerpt":{"rendered":"<p>V\u0103 invit\u0103m s\u0103 alege\u021bi tipul de service pe care \u00eel c\u0103uta\u021bi: Motoare Industriale Utilaje de Construc\u021bie Grupuri Electrogene Transmisii \u0219i Convertizoare<\/p>\n","protected":false},"author":6,"featured_media":0,"parent":0,"menu_order":0,"comment_status":"closed","ping_status":"closed","template":"","meta":[],"_links":{"self":[{"href":"https:\/\/tehnocat.ro\/index.php\/wp-json\/wp\/v2\/pages\/4"}],"collection":[{"href":"https:\/\/tehnocat.ro\/index.php\/wp-json\/wp\/v2\/pages"}],"about":[{"href":"https:\/\/tehnocat.ro\/index.php\/wp-json\/wp\/v2\/types\/page"}],"author":[{"embeddable":true,"href":"https:\/\/tehnocat.ro\/index.php\/wp-json\/wp\/v2\/users\/6"}],"replies":[{"embeddable":true,"href":"https:\/\/tehnocat.ro\/index.php\/wp-json\/wp\/v2\/comments?post=4"}],"version-history":[{"count":6,"href":"https:\/\/tehnocat.ro\/index.php\/wp-json\/wp\/v2\/pages\/4\/revisions"}],"predecessor-version":[{"id":146,"href":"https:\/\/tehnocat.ro\/index.php\/wp-json\/wp\/v2\/pages\/4\/revisions\/146"}],"wp:attachment":[{"href":"https:\/\/tehnocat.ro\/index.php\/wp-json\/wp\/v2\/media?parent=4"}],"curies":[{"name":"wp","href":"https:\/\/api.w.org\/{rel}","templated":true}]}}