{"id":20,"date":"2016-09-27T19:14:54","date_gmt":"2016-09-27T19:14:54","guid":{"rendered":"http:\/\/tehnocat.ro\/?page_id=20"},"modified":"2016-11-03T22:02:12","modified_gmt":"2016-11-03T22:02:12","slug":"certificari","status":"publish","type":"page","link":"https:\/\/tehnocat.ro\/index.php\/certificari\/","title":{"rendered":"Certificari"},"content":{"rendered":"<p>Societatea noastr\u0103 a ob\u021binut cele mai importante certific\u0103ri din domeniu. Aceste certific\u0103ri se g\u0103sesc \u00een galeria foto de mai jos.<\/p>\n<div id=\"Block_wpape_gallery_69e029305e715\" style=\"width:100%; display: none;\"><div class=\"wpape_gallery_button wpape_gallery_align_left\"  id=\"wpape_gallery_69e029305e715filter\"><\/div><div id=\"wpape_gallery_69e029305e715\" data-options=\"wpape_gallery_69e029305e715\" style=\"width:100%;\" class=\"wpape_gallery\"><div class=\"wpape-img category137\" ><div class=\"wpape-img-image \"  ><div data-thumbnail=\"https:\/\/tehnocat.ro\/wp-content\/uploads\/2016\/11\/Certificat-9001-NAT462-218x300.jpg\" title=\"certificat-9001-nat462\" data-width=\"218\" data-height=\"300\" ><\/div><div data-popup=\"https:\/\/tehnocat.ro\/wp-content\/uploads\/2016\/11\/Certificat-9001-NAT462.jpg\"  title=\"certificat-9001-nat462\"><\/div><div class=\"thumbnail-overlay\"><div class=\"wpapeIcons\"><i class=\"fa fa-plus wpapeZoomIcon  wpape-lightbox\" ><\/i><\/div><\/div><\/div><\/div><div class=\"wpape-img category137\" ><div class=\"wpape-img-image \"  ><div data-thumbnail=\"https:\/\/tehnocat.ro\/wp-content\/uploads\/2016\/11\/Certificat-14001-NAT462-218x300.jpg\" title=\"certificat-14001-nat462\" data-width=\"218\" data-height=\"300\" ><\/div><div data-popup=\"https:\/\/tehnocat.ro\/wp-content\/uploads\/2016\/11\/Certificat-14001-NAT462.jpg\"  title=\"certificat-14001-nat462\"><\/div><div class=\"thumbnail-overlay\"><div class=\"wpapeIcons\"><i class=\"fa fa-plus wpapeZoomIcon  wpape-lightbox\" ><\/i><\/div><\/div><\/div><\/div><div class=\"wpape-img category137\" ><div class=\"wpape-img-image \"  ><div data-thumbnail=\"https:\/\/tehnocat.ro\/wp-content\/uploads\/2016\/11\/Certificat-18001-NAT462-218x300.jpg\" title=\"certificat-18001-nat462\" data-width=\"218\" data-height=\"300\" ><\/div><div data-popup=\"https:\/\/tehnocat.ro\/wp-content\/uploads\/2016\/11\/Certificat-18001-NAT462.jpg\"  title=\"certificat-18001-nat462\"><\/div><div class=\"thumbnail-overlay\"><div class=\"wpapeIcons\"><i class=\"fa fa-plus wpapeZoomIcon  wpape-lightbox\" ><\/i><\/div><\/div><\/div><\/div><div class=\"wpape-img category137\" ><div class=\"wpape-img-image \"  ><div data-thumbnail=\"https:\/\/tehnocat.ro\/wp-content\/uploads\/2016\/11\/Logo-ISO-9001-1.png\" title=\"logo-iso-9001\" data-width=\"230\" data-height=\"230\" ><\/div><div data-popup=\"https:\/\/tehnocat.ro\/wp-content\/uploads\/2016\/11\/Logo-ISO-9001-1.png\"  title=\"logo-iso-9001\"><\/div><div class=\"thumbnail-overlay\"><div class=\"wpapeIcons\"><i class=\"fa fa-plus wpapeZoomIcon  wpape-lightbox\" ><\/i><\/div><\/div><\/div><\/div><div class=\"wpape-img category137\" ><div class=\"wpape-img-image \"  ><div data-thumbnail=\"https:\/\/tehnocat.ro\/wp-content\/uploads\/2016\/11\/Logo-ISO-14001-1.png\" title=\"logo-iso-14001\" data-width=\"230\" data-height=\"230\" ><\/div><div data-popup=\"https:\/\/tehnocat.ro\/wp-content\/uploads\/2016\/11\/Logo-ISO-14001-1.png\"  title=\"logo-iso-14001\"><\/div><div class=\"thumbnail-overlay\"><div class=\"wpapeIcons\"><i class=\"fa fa-plus wpapeZoomIcon  wpape-lightbox\" ><\/i><\/div><\/div><\/div><\/div><div class=\"wpape-img category137\" ><div class=\"wpape-img-image \"  ><div data-thumbnail=\"https:\/\/tehnocat.ro\/wp-content\/uploads\/2016\/11\/Logo-OHSAS-18001-1.png\" title=\"logo-ohsas-18001\" data-width=\"230\" data-height=\"230\" ><\/div><div data-popup=\"https:\/\/tehnocat.ro\/wp-content\/uploads\/2016\/11\/Logo-OHSAS-18001-1.png\"  title=\"logo-ohsas-18001\"><\/div><div class=\"thumbnail-overlay\"><div class=\"wpapeIcons\"><i class=\"fa fa-plus wpapeZoomIcon  wpape-lightbox\" ><\/i><\/div><\/div><\/div><\/div><\/div><\/div><script>var wpape_gallery_69e029305e715 = {\"filterContainer\": \"#wpape_gallery_69e029305e715filter\", \"touch\": 1, \"columns\": 3, \"columnWidth\": \"auto\", \"resolutions\": [{\"columnWidth\": \"auto\" , \"columns\":3 , \"maxWidth\": 960} , {\"columnWidth\": \"auto\" , \"columns\":2 , \"maxWidth\": 650} , {\"columnWidth\": \"auto\" , \"columns\":1 , \"maxWidth\": 450}], \"borderSize\": \"3\", \"overlayEffect\": \"direction-aware-fade\", \"boxesToLoadStart\": \"12\", \"boxesToLoad\": \"8\", \"lazyLoad\": true, \"LoadingWord\": \"Gallery images loading\", \"loadMoreWord\": \"More images\", \"noMoreEntriesWord\": \"No images\", \"loadMoreClass\": \" apebtn apebtn-flat apebtn-primary \", \"horizontalSpaceBetweenBoxes\": 15, \"verticalSpaceBetweenBoxes\": 15}, wpape_gallery_69e029305e715_css = \"body .mfp-ready.mfp-bg{background-color: rgba(11, 11, 11, 0.8);}#wpape_gallery_69e029305e715 .wpape-img-container{ -webkit-border-radius: 5px;-moz-border-radius: 5px;border-radius: 5px;border: 3px solid rgb(27, 154, 247) ;-webkit-box-shadow:0px 5px 7px rgba(34, 25, 25, 0.4) ;-moz-box-shadow: \t0px 5px 7px rgba(34, 25, 25, 0.4) ;-o-box-shadow: \t0px 5px 7px rgba(34, 25, 25, 0.4) ;-ms-box-shadow: \t0px 5px 7px rgba(34, 25, 25, 0.4) ;box-shadow: \t\t0px 5px 7px rgba(34, 25, 25, 0.4) ;}#wpape_gallery_69e029305e715 .thumbnail-overlay{background:rgba(7, 7, 7, 0.5);}#wpape_gallery_69e029305e715 .wpapeZoomIcon{ font-size:22px; line-height:88%; color:rgb(255, 255, 255);background:rgba(0, 0, 0, 0);}#wpape_gallery_69e029305e715 .wpapeZoomIcon:hover{color:rgb(255, 255, 255);background:rgba(0, 0, 0, 0);}#wpape_gallery_69e029305e715 .image-with-dimensions{background-color: rgb(255,255,255);}body .mfp-title, body .mfp-counter{color: rgb(243, 243, 243);}\",apeGalleryDelay = 0; head = document.head || document.getElementsByTagName(\"head\")[0], style = document.createElement(\"style\"); style.type = \"text\/css\"; if (style.styleSheet) style.styleSheet.cssText = wpape_gallery_69e029305e715_css; \telse  style.appendChild(document.createTextNode(wpape_gallery_69e029305e715_css)); head.appendChild(style);<\/script>\n","protected":false},"excerpt":{"rendered":"<p>Societatea noastr\u0103 a ob\u021binut cele mai importante certific\u0103ri din domeniu. Aceste certific\u0103ri se g\u0103sesc \u00een galeria foto de mai jos.<\/p>\n","protected":false},"author":6,"featured_media":0,"parent":0,"menu_order":0,"comment_status":"closed","ping_status":"closed","template":"page-feature-sidebar.php","meta":[],"_links":{"self":[{"href":"https:\/\/tehnocat.ro\/index.php\/wp-json\/wp\/v2\/pages\/20"}],"collection":[{"href":"https:\/\/tehnocat.ro\/index.php\/wp-json\/wp\/v2\/pages"}],"about":[{"href":"https:\/\/tehnocat.ro\/index.php\/wp-json\/wp\/v2\/types\/page"}],"author":[{"embeddable":true,"href":"https:\/\/tehnocat.ro\/index.php\/wp-json\/wp\/v2\/users\/6"}],"replies":[{"embeddable":true,"href":"https:\/\/tehnocat.ro\/index.php\/wp-json\/wp\/v2\/comments?post=20"}],"version-history":[{"count":4,"href":"https:\/\/tehnocat.ro\/index.php\/wp-json\/wp\/v2\/pages\/20\/revisions"}],"predecessor-version":[{"id":139,"href":"https:\/\/tehnocat.ro\/index.php\/wp-json\/wp\/v2\/pages\/20\/revisions\/139"}],"wp:attachment":[{"href":"https:\/\/tehnocat.ro\/index.php\/wp-json\/wp\/v2\/media?parent=20"}],"curies":[{"name":"wp","href":"https:\/\/api.w.org\/{rel}","templated":true}]}}