{"id":12,"date":"2016-09-27T19:13:20","date_gmt":"2016-09-27T19:13:20","guid":{"rendered":"http:\/\/tehnocat.ro\/?page_id=12"},"modified":"2016-11-01T21:00:21","modified_gmt":"2016-11-01T21:00:21","slug":"piese","status":"publish","type":"page","link":"https:\/\/tehnocat.ro\/index.php\/piese\/","title":{"rendered":"Piese"},"content":{"rendered":"<p>Experien\u021ba de peste 10 ani \u00een v\u00e2nzarea de piese \u0219i consumabile \u00een domeniul echipamentelor industriale ne ajut\u0103 s\u0103 v\u0103 oferim cea mai buna solu\u021bie. Sunt companii care solicit\u0103 doar piese de origine, sunt companii care solicit\u0103 piese de origine \u0219i piese after market&#8230;etc., din acest motiv v\u0103 oferim:<\/p>\n<ul>\n<li>piese de origine (OE &#8211; Original Equipment\/Genuine)<\/li>\n<li>piese de calitate echivalent\u0103 (OEM &#8211; Original Equipment Manufacturer)<\/li>\n<li>piese omologate de c\u0103tre organismele interna\u021bionale (AM &#8211; After Market)<\/li>\n<\/ul>\n<p>Din stoc sau la comand\u0103 v\u0103 livr\u0103m toat\u0103 gama de piese \u0219i consumabile pentru:<\/p>\n<ul>\n<li>Motoare industriale<\/li>\n<li>Utilaje de construc\u021bii<\/li>\n<li>Utilaje agricole<\/li>\n<li>Foreze, concasoare, sta\u021bii de sortare<\/li>\n<li>Grupuri electrogene<\/li>\n<li>Sisteme de transmisie, convertizoare<\/li>\n<li>Sisteme de injec\u021bie<\/li>\n<li>Sisteme hidraulice<\/li>\n<li>Uleiuri \u0219i consumabile<\/li>\n<\/ul>\n","protected":false},"excerpt":{"rendered":"<p>Experien\u021ba de peste 10 ani \u00een v\u00e2nzarea de piese \u0219i consumabile \u00een domeniul echipamentelor industriale ne ajut\u0103 s\u0103 v\u0103 oferim cea mai buna solu\u021bie. Sunt companii care solicit\u0103 doar piese de origine, sunt companii care solicit\u0103 piese de origine \u0219i &hellip; <a href=\"https:\/\/tehnocat.ro\/index.php\/piese\/\">Continued<\/a><\/p>\n","protected":false},"author":6,"featured_media":0,"parent":0,"menu_order":0,"comment_status":"closed","ping_status":"closed","template":"page-feature-sidebar.php","meta":[],"_links":{"self":[{"href":"https:\/\/tehnocat.ro\/index.php\/wp-json\/wp\/v2\/pages\/12"}],"collection":[{"href":"https:\/\/tehnocat.ro\/index.php\/wp-json\/wp\/v2\/pages"}],"about":[{"href":"https:\/\/tehnocat.ro\/index.php\/wp-json\/wp\/v2\/types\/page"}],"author":[{"embeddable":true,"href":"https:\/\/tehnocat.ro\/index.php\/wp-json\/wp\/v2\/users\/6"}],"replies":[{"embeddable":true,"href":"https:\/\/tehnocat.ro\/index.php\/wp-json\/wp\/v2\/comments?post=12"}],"version-history":[{"count":2,"href":"https:\/\/tehnocat.ro\/index.php\/wp-json\/wp\/v2\/pages\/12\/revisions"}],"predecessor-version":[{"id":83,"href":"https:\/\/tehnocat.ro\/index.php\/wp-json\/wp\/v2\/pages\/12\/revisions\/83"}],"wp:attachment":[{"href":"https:\/\/tehnocat.ro\/index.php\/wp-json\/wp\/v2\/media?parent=12"}],"curies":[{"name":"wp","href":"https:\/\/api.w.org\/{rel}","templated":true}]}}