{"id":10,"date":"2016-09-27T19:12:53","date_gmt":"2016-09-27T19:12:53","guid":{"rendered":"http:\/\/tehnocat.ro\/?page_id=10"},"modified":"2016-11-03T21:34:38","modified_gmt":"2016-11-03T21:34:38","slug":"grupuri-electrogene","status":"publish","type":"page","link":"https:\/\/tehnocat.ro\/index.php\/service\/grupuri-electrogene\/","title":{"rendered":"Grupuri Electrogene"},"content":{"rendered":"<p>Comercializ\u0103m toat\u0103 gama de puteri de Grupuri Electrogene noi \u0219i second-hand. \u00cen func\u021bie de destina\u021bia echipamentului, v\u0103 putem furniza solu\u021bii de \u201eback-up\u201d energetic sau \u201eprime power\u201d.<\/p>\n<p>\u00cen cazul \u00een care dori\u021bi un Grup Electrogen utilizat, noi v\u0103 recomand\u0103m mai multe variante \u00een func\u021bie de produc\u0103tor \u0219i orele de func\u021bionare, r\u0103m\u00e2n\u00e2nd la latitudinea dumneavoast\u0103 s\u0103 alege\u021bi echipamentul potrivit.<\/p>\n<p>Automatiz\u0103rile (tablouri de distribu\u021bie \u0219i inversoare de surs\u0103) sunt noi, construite \u00een func\u021bie de fiecare proiect \u00een parte.<\/p>\n<p>Echipa noastra de service v\u0103 recomand\u0103 semnarea unui contract de mentenan\u021b\u0103 preventiv\u0103, pentru Grupuri Electrogene \u0219i UPS-uri, derulat pe o perioad\u0103 de minim 12 luni prin care un tehnician delegat va efectua vizite de \u00eentre\u021binere \u0219i verificare, la comanda scris\u0103 a clientului.<\/p>\n<p>\u00cen cadrul reviziilor se va efectua schimbul de ulei, filtru ulei, filtre combustibil \u0219i filtrele de aer c\u00e2t \u0219i verificarea instala\u021biilor electrice \u0219i lista de verific\u0103ri recomandate de c\u0103tre produc\u0103tor.<\/p>\n<p>\u00cen cadrul interven\u021biilor, \u00een func\u021bie de op\u021biunile clientului, v\u0103 punem la dispozi\u021bie din stoc sau la comand\u0103 piese OE, OEM sau AM.<\/p>\n<p>&nbsp;<\/p>\n<div>       <\/div><style type=\"text\/css\" scoped>.rbs_gallery_69dff867223cfSpinner{\r\n\t\t\t\tmargin: 50px auto;\r\n\t\t\t\twidth: 50px;\r\n\t\t\t\theight: 40px;\r\n\t\t\t\ttext-align: center;\r\n\t\t\t\tfont-size: 10px;\r\n\t\t\t}\r\n\t\t\t.rbs_gallery_69dff867223cfSpinner > div{\r\n\t\t\t  background-color: #333;\r\n\t\t\t  height: 100%;\r\n\t\t\t  width: 6px;\r\n\t\t\t  display: inline-block;\r\n\t\t\t  -webkit-animation: rbs_gallery_69dff867223cf-stretchdelay 1.2s infinite ease-in-out;\r\n\t\t\t  animation: rbs_gallery_69dff867223cf-stretchdelay 1.2s infinite ease-in-out;\r\n\t\t\t}\r\n\t\t\t.rbs_gallery_69dff867223cfSpinner .rbs_gallery_69dff867223cfRect2 {\r\n\t\t\t  -webkit-animation-delay: -1.1s;\r\n\t\t\t  animation-delay: -1.1s;\r\n\t\t\t}\r\n\t\t\t.rbs_gallery_69dff867223cfSpinner .rbs_gallery_69dff867223cfRect3 {\r\n\t\t\t  -webkit-animation-delay: -1.0s;\r\n\t\t\t  animation-delay: -1.0s;\r\n\t\t\t}\r\n\t\t\t.rbs_gallery_69dff867223cfSpinner .rbs_gallery_69dff867223cfRect4 {\r\n\t\t\t  -webkit-animation-delay: -0.9s;\r\n\t\t\t  animation-delay: -0.9s;\r\n\t\t\t}\r\n\t\t\t.rbs_gallery_69dff867223cfSpinner .rbs_gallery_69dff867223cfRect5 {\r\n\t\t\t  -webkit-animation-delay: -0.8s;\r\n\t\t\t  animation-delay: -0.8s;\r\n\t\t\t}\r\n\t\t\t@-webkit-keyframes rbs_gallery_69dff867223cf-stretchdelay {\r\n\t\t\t  0%, 40%, 100% { -webkit-transform: scaleY(0.4) }  \r\n\t\t\t  20% { -webkit-transform: scaleY(1.0) }\r\n\t\t\t}\r\n\t\t\t@keyframes rbs_gallery_69dff867223cf-stretchdelay {\r\n\t\t\t  0%, 40%, 100% { \r\n\t\t\t    transform: scaleY(0.4);\r\n\t\t\t    -webkit-transform: scaleY(0.4);\r\n\t\t\t  }  20% { \r\n\t\t\t    transform: scaleY(1.0);\r\n\t\t\t    -webkit-transform: scaleY(1.0);\r\n\t\t\t  }\r\n\t\t\t}\r\n\t\t<\/style><div class=\"robo-gallery-wrap robo-gallery-wrap-id114 robo-gallery-\" ><div id=\"rbs_gallery_69dff867223cf-block-loader\" class=\"rbs_gallery_69dff867223cfSpinner\"><div class=\"rbs_gallery_69dff867223cfRect1\"><\/div> <div class=\"rbs_gallery_69dff867223cfRect2\"><\/div> <div class=\"rbs_gallery_69dff867223cfRect3\"><\/div> <div class=\"rbs_gallery_69dff867223cfRect4\"><\/div> <div class=\"rbs_gallery_69dff867223cfRect5\"><\/div><\/div><div class=\"rbs_gallery_button  rbs_gallery_align_left\" id=\"rbs_gallery_69dff867223cffilter\" style=\" display: none;\" ><\/div><div id=\"robo_gallery_main_block_rbs_gallery_69dff867223cf\" class=\"robogallery-gallery-114\" style=\"width:100%;  display: none;\"><div id=\"rbs_gallery_69dff867223cf\" data-options=\"rbs_gallery_69dff867223cf\" style=\"width:100%;\" class=\"robo_gallery  \"><div class=\"rbs-img  category114 \" ><div class=\"rbs-img-image   rbs-lightbox \" ><div class=\"rbs-img-thumbs\"  data-thumbnail=\"https:\/\/tehnocat.ro\/wp-content\/uploads\/2016\/11\/tehnocat-grupuri-electrog-1-300x200.jpg\"  title=\"tehnocat-grupuri-electrog-1\"  data-width=\"300\"  data-height=\"200\" ><\/div><div class=\"rbs-img-data-popup\"  data-popup=\"https:\/\/tehnocat.ro\/wp-content\/uploads\/2016\/11\/tehnocat-grupuri-electrog-1.jpg\"  title=\"tehnocat-grupuri-electrog-1\" ><\/div><div class=\"thumbnail-overlay\"><div class=\"rbsIcons\"><i class=\"fa fa-search-plus rbsZoomIcon \" ><\/i><\/div><\/div><\/div><\/div><div class=\"rbs-img  category114 \" ><div class=\"rbs-img-image   rbs-lightbox \" ><div class=\"rbs-img-thumbs\"  data-thumbnail=\"https:\/\/tehnocat.ro\/wp-content\/uploads\/2016\/11\/tehnocat-grupuri-electrog-2-300x200.jpg\"  title=\"tehnocat-grupuri-electrog-2\"  data-width=\"300\"  data-height=\"200\" ><\/div><div class=\"rbs-img-data-popup\"  data-popup=\"https:\/\/tehnocat.ro\/wp-content\/uploads\/2016\/11\/tehnocat-grupuri-electrog-2.jpg\"  title=\"tehnocat-grupuri-electrog-2\" ><\/div><div class=\"thumbnail-overlay\"><div class=\"rbsIcons\"><i class=\"fa fa-search-plus rbsZoomIcon \" ><\/i><\/div><\/div><\/div><\/div><div class=\"rbs-img  category114 \" ><div class=\"rbs-img-image   rbs-lightbox \" ><div class=\"rbs-img-thumbs\"  data-thumbnail=\"https:\/\/tehnocat.ro\/wp-content\/uploads\/2016\/11\/tehnocat-grupuri-electrog-3-300x200.jpg\"  title=\"tehnocat-grupuri-electrog-3\"  data-width=\"300\"  data-height=\"200\" ><\/div><div class=\"rbs-img-data-popup\"  data-popup=\"https:\/\/tehnocat.ro\/wp-content\/uploads\/2016\/11\/tehnocat-grupuri-electrog-3.jpg\"  title=\"tehnocat-grupuri-electrog-3\" ><\/div><div class=\"thumbnail-overlay\"><div class=\"rbsIcons\"><i class=\"fa fa-search-plus rbsZoomIcon \" ><\/i><\/div><\/div><\/div><\/div><div class=\"rbs-img  category114 \" ><div class=\"rbs-img-image   rbs-lightbox \" ><div class=\"rbs-img-thumbs\"  data-thumbnail=\"https:\/\/tehnocat.ro\/wp-content\/uploads\/2016\/11\/tehnocat-grupuri-electrog-4-300x200.jpg\"  title=\"tehnocat-grupuri-electrog-4\"  data-width=\"300\"  data-height=\"200\" ><\/div><div class=\"rbs-img-data-popup\"  data-popup=\"https:\/\/tehnocat.ro\/wp-content\/uploads\/2016\/11\/tehnocat-grupuri-electrog-4.jpg\"  title=\"tehnocat-grupuri-electrog-4\" ><\/div><div class=\"thumbnail-overlay\"><div class=\"rbsIcons\"><i class=\"fa fa-search-plus rbsZoomIcon \" ><\/i><\/div><\/div><\/div><\/div><div class=\"rbs-img  category114 \" ><div class=\"rbs-img-image   rbs-lightbox \" ><div class=\"rbs-img-thumbs\"  data-thumbnail=\"https:\/\/tehnocat.ro\/wp-content\/uploads\/2016\/11\/tehnocat-grupuri-electrog-5-300x200.jpg\"  title=\"tehnocat-grupuri-electrog-5\"  data-width=\"300\"  data-height=\"200\" ><\/div><div class=\"rbs-img-data-popup\"  data-popup=\"https:\/\/tehnocat.ro\/wp-content\/uploads\/2016\/11\/tehnocat-grupuri-electrog-5.jpg\"  title=\"tehnocat-grupuri-electrog-5\" ><\/div><div class=\"thumbnail-overlay\"><div class=\"rbsIcons\"><i class=\"fa fa-search-plus rbsZoomIcon \" ><\/i><\/div><\/div><\/div><\/div><div class=\"rbs-img  category114 \" ><div class=\"rbs-img-image   rbs-lightbox \" ><div class=\"rbs-img-thumbs\"  data-thumbnail=\"https:\/\/tehnocat.ro\/wp-content\/uploads\/2016\/11\/tehnocat-grupuri-electrog-6-300x200.jpg\"  title=\"tehnocat-grupuri-electrog-6\"  data-width=\"300\"  data-height=\"200\" ><\/div><div class=\"rbs-img-data-popup\"  data-popup=\"https:\/\/tehnocat.ro\/wp-content\/uploads\/2016\/11\/tehnocat-grupuri-electrog-6.jpg\"  title=\"tehnocat-grupuri-electrog-6\" ><\/div><div class=\"thumbnail-overlay\"><div class=\"rbsIcons\"><i class=\"fa fa-search-plus rbsZoomIcon \" ><\/i><\/div><\/div><\/div><\/div><\/div><\/div><\/div><script>var rbs_gallery_69dff867223cf = {\"version\":\"3.1.5\",\"id\":114,\"class\":\"id114\",\"roboGalleryDelay\":1000,\"mainContainer\":\"#robo_gallery_main_block_rbs_gallery_69dff867223cf\",\"loadingContainer\":\"#rbs_gallery_69dff867223cf-block-loader\",\"loadingContainerObj\":\"rbs_gallery_69dff867223cf-block-loader\",\"columnWidth\":\"auto\",\"columns\":3,\"resolutions\":[{\"columnWidth\":\"auto\",\"columns\":3,\"maxWidth\":960},{\"columnWidth\":\"auto\",\"columns\":2,\"maxWidth\":650},{\"columnWidth\":\"auto\",\"columns\":1,\"maxWidth\":450}],\"lightboxOptions\":{\"gallery\":{\"enabled\":true,\"tCounter\":\"%curr% of %total%\"}},\"overlayEffect\":\"direction-aware-fade\",\"boxesToLoadStart\":12,\"boxesToLoad\":8,\"waitUntilThumbLoads\":1,\"LoadingWord\":\"Loading...\",\"loadMoreWord\":\"Load More\",\"noMoreEntriesWord\":\"No More Entries\",\"horizontalSpaceBetweenBoxes\":15,\"verticalSpaceBetweenBoxes\":15,\"lazyLoad\":1,\"wrapContainer\":\"#robo-gallery-wrap-rbs_gallery_69dff867223cf\",\"filterContainer\":\"#rbs_gallery_69dff867223cffilter\",\"loadMoreClass\":\"button-border-caution \"};<\/script><div>       <\/div>\n","protected":false},"excerpt":{"rendered":"<p>Comercializ\u0103m toat\u0103 gama de puteri de Grupuri Electrogene noi \u0219i second-hand. \u00cen func\u021bie de destina\u021bia echipamentului, v\u0103 putem furniza solu\u021bii de \u201eback-up\u201d energetic sau \u201eprime power\u201d. \u00cen cazul \u00een care dori\u021bi un Grup Electrogen utilizat, noi v\u0103 recomand\u0103m mai multe &hellip; <a href=\"https:\/\/tehnocat.ro\/index.php\/service\/grupuri-electrogene\/\">Continued<\/a><\/p>\n","protected":false},"author":6,"featured_media":0,"parent":4,"menu_order":0,"comment_status":"closed","ping_status":"closed","template":"page-feature-sidebar.php","meta":[],"_links":{"self":[{"href":"https:\/\/tehnocat.ro\/index.php\/wp-json\/wp\/v2\/pages\/10"}],"collection":[{"href":"https:\/\/tehnocat.ro\/index.php\/wp-json\/wp\/v2\/pages"}],"about":[{"href":"https:\/\/tehnocat.ro\/index.php\/wp-json\/wp\/v2\/types\/page"}],"author":[{"embeddable":true,"href":"https:\/\/tehnocat.ro\/index.php\/wp-json\/wp\/v2\/users\/6"}],"replies":[{"embeddable":true,"href":"https:\/\/tehnocat.ro\/index.php\/wp-json\/wp\/v2\/comments?post=10"}],"version-history":[{"count":5,"href":"https:\/\/tehnocat.ro\/index.php\/wp-json\/wp\/v2\/pages\/10\/revisions"}],"predecessor-version":[{"id":125,"href":"https:\/\/tehnocat.ro\/index.php\/wp-json\/wp\/v2\/pages\/10\/revisions\/125"}],"up":[{"embeddable":true,"href":"https:\/\/tehnocat.ro\/index.php\/wp-json\/wp\/v2\/pages\/4"}],"wp:attachment":[{"href":"https:\/\/tehnocat.ro\/index.php\/wp-json\/wp\/v2\/media?parent=10"}],"curies":[{"name":"wp","href":"https:\/\/api.w.org\/{rel}","templated":true}]}}